{"id":155,"date":"2019-01-12T06:09:01","date_gmt":"2019-01-12T06:09:01","guid":{"rendered":"http:\/\/104.131.177.38\/demo2\/wp\/evento\/?page_id=155"},"modified":"2019-03-16T15:35:16","modified_gmt":"2019-03-16T15:35:16","slug":"about-us","status":"publish","type":"page","link":"https:\/\/www.clcbaku.com\/az\/about-us\/","title":{"rendered":"Haqq\u0131m\u0131zda"},"content":{"rendered":"<p>[vc_row content_placement=&#8221;middle&#8221; css=&#8221;.vc_custom_1503562167069{padding-top: 100px !important;padding-bottom: 120px !important;}&#8221;][vc_column css=&#8221;.vc_custom_1547036968834{margin-top: -40px !important;}&#8221;][tt_section_title title_alignment=&#8221;text-center&#8221; title=&#8221;Konfrans haqq\u0131nda&#8221; css=&#8221;.vc_custom_1547366202830{margin-top: -20px !important;margin-bottom: 0px !important;}&#8221;][\/tt_section_title][vc_column_text css=&#8221;.vc_custom_1552750309106{margin-bottom: -60px !important;}&#8221;]<strong>K<\/strong><strong>ou\u00e7inq v\u0259 Liderlik Konfrans\u0131<\/strong><\/p>\n<p>Kou\u00e7inq \u2013 m\u00fcasir i\u015f d\u00fcnyas\u0131n\u0131n y\u00fcks\u0259l\u0259n trendidir. O, m\u00fcsb\u0259t d\u0259yi\u015fiklikl\u0259r v\u0259 faydal\u0131 \u00f6yr\u0259nm\u0259 \u00fc\u00e7\u00fcn \u0259v\u0259zsiz f\u00fcrs\u0259tl\u0259r yarad\u0131r. D\u00fcnyan\u0131n qabaqc\u0131l \u015firk\u0259tl\u0259ri qurumdaxili ab-havan\u0131n yax\u015f\u0131la\u015fd\u0131r\u0131lmas\u0131, korporativ m\u0259d\u0259niyy\u0259tin m\u00f6hk\u0259ml\u0259ndirilm\u0259si, \u0259m\u0259kda\u015flar\u0131n motivasiya v\u0259 performanslar\u0131n\u0131n y\u00fcks\u0259ldilm\u0259si \u00fc\u00e7\u00fcn bu d\u0259y\u0259rli al\u0259td\u0259n geni\u015f \u015f\u0259kild\u0259 istifad\u0259 edirl\u0259r.<\/p>\n<p>5 aprel 2019-cu ild\u0259 Bak\u0131 Boulevard Hoteld\u0259\u00a0ba\u015f tutacaq konfrans\u0131m\u0131z kou\u00e7inq v\u0259 liderlik sah\u0259sind\u0259 d\u00fcnyan\u0131n qabaqc\u0131l v\u0259 s\u0131naqdan ke\u00e7mi\u015f t\u0259cr\u00fcb\u0259l\u0259rini Sizinl\u0259 payla\u015fma\u011f\u0131 \u00f6z qar\u015f\u0131s\u0131na m\u0259qs\u0259d qoymu\u015fdur. <em>Qeyd ed\u0259k ki, bu konfrans Beyn\u0259lxalq Kou\u00e7 Federasiyas\u0131n\u0131n g\u00fccl\u00fc d\u0259st\u0259yi il\u0259 h\u0259yata ke\u00e7irilir.<\/em><\/p>\n<p>Konfrans\u0131m\u0131z\u0131n bu ilki sloqan\u0131 \u2013<em><strong> \u201c\u0130ndi d\u0259yi\u015fiklik zaman\u0131d\u0131r\u201d.<\/strong><\/em> D\u00fcnyan\u0131n m\u00fcxt\u0259lif \u00f6lk\u0259l\u0259rind\u0259n g\u0259l\u0259n spikerl\u0259rimiz \u015f\u0259xsi h\u0259yatda v\u0259 \u015firk\u0259tl\u0259rd\u0259 m\u00fcsb\u0259t d\u0259yi\u015fikliyi h\u0259yata ke\u00e7irm\u0259yin sirl\u0259rini bu t\u0259dbird\u0259 Sizinl\u0259 s\u0259xav\u0259tl\u0259 payla\u015facaqlar.<\/p>\n<p>&nbsp;<\/p>\n<p><strong>Kiml\u0259r i\u015ftirak etm\u0259lidir?<\/strong><\/p>\n<ul>\n<li>Pe\u015f\u0259kar kou\u00e7lar, konsultantlar v\u0259 mentorlar;<\/li>\n<li>\u015eirk\u0259t r\u0259hb\u0259rl\u0259ri, idar\u0259\u00e7il\u0259r v\u0259 sahibkarlar;<\/li>\n<li>Layih\u0259 r\u0259hb\u0259rl\u0259ri\/koordinatorlar\u0131;<\/li>\n<li>\u0130nsan resurslar\u0131 m\u00fct\u0259x\u0259ssisl\u0259ri;<\/li>\n<li>T\u0259lim v\u0259 t\u0259dris f\u0259aliyy\u0259ti il\u0259 m\u0259\u015f\u011ful olan m\u00fct\u0259x\u0259ssisl\u0259r;<\/li>\n<li>\u015e\u0259xsi v\u0259 karyera inki\u015faf\u0131na t\u00f6hf\u0259 verm\u0259k ist\u0259y\u0259n h\u0259r bir \u015f\u0259xs.<\/li>\n<\/ul>\n<p>&nbsp;<\/p>\n<p><strong>N\u0259 qazanacaqs\u0131n\u0131z?<\/strong><\/p>\n<ul>\n<li>Kou\u00e7inq v\u0259 liderlik sah\u0259sind\u0259 m\u00fcasir d\u00fcnya t\u0259cr\u00fcb\u0259si, yeni trendl\u0259r, f\u0259rqli bax\u0131\u015f bucaqlar\u0131;<\/li>\n<li>T\u0259cr\u00fcb\u0259li spikerl\u0259rl\u0259rl\u0259 \u00fcnsiyy\u0259t;<\/li>\n<li>D\u00fcnya g\u00f6r\u00fc\u015f\u00fcn\u00fcz\u00fcn v\u0259 \u015f\u0259xsi bacar\u0131qlar\u0131n\u0131z\u0131n inki\u015faf\u0131na t\u00f6hf\u0259;<\/li>\n<li>Pe\u015f\u0259kar netvorkinq;<\/li>\n<li>\u00d6z\u00fcn\u00fc yenil\u0259m\u0259k \u00fc\u00e7\u00fcn yeni \u0259v\u0259zsiz f\u00fcrs\u0259t.<\/li>\n<\/ul>\n<p>[\/vc_column_text][vc_video link=&#8221;https:\/\/youtu.be\/UlndW1b-y9w&#8221; el_width=&#8221;70&#8243; align=&#8221;center&#8221; css=&#8221;.vc_custom_1552750511734{margin-top: 80px !important;margin-bottom: -80px !important;}&#8221;][\/vc_column][\/vc_row][vc_row overlay_color_opt=&#8221;purple-gradient-bg&#8221; apply_overlay=&#8221;true&#8221; css=&#8221;.vc_custom_1503563542721{padding-top: 110px !important;padding-bottom: 440px !important;}&#8221;][vc_column][tt_section_title title_intro_color_option=&#8221;custom-color&#8221; title_alignment=&#8221;text-center&#8221; title_color_option=&#8221;custom-color&#8221; title=&#8221;Kou\u00e7inq n\u0259dir?&#8221; css=&#8221;.vc_custom_1547303268687{margin-top: -20px !important;margin-bottom: 0px !important;}&#8221; title_intro_color=&#8221;#ffffff&#8221; title_color=&#8221;#ffffff&#8221;][\/tt_section_title][\/vc_column][\/vc_row][vc_row][vc_column box_shadow=&#8221;true&#8221; box_padding=&#8221;true&#8221; css=&#8221;.vc_custom_1503564298298{margin-top: -410px !important;border-radius: 4px !important;}&#8221; shadow_bg_color=&#8221;#ffffff&#8221;][vc_column_text]Kou\u00e7inq (coaching)\u00a0\u2013 insanlar\u0131n k\u00f6n\u00fcll\u00fc, \u015f\u00fcurlu v\u0259 planl\u0131 \u015f\u0259kild\u0259 daxil olduqlar\u0131 \u00f6yr\u0259nm\u0259 v\u0259 \u015f\u0259xsi inki\u015faf prosesidir. H\u0259yatlar\u0131nda m\u00fcsb\u0259t d\u0259yi\u015fiklikl\u0259r\u0259 q\u0259rar ver\u0259n insanlar y\u00fcks\u0259lm\u0259k ist\u0259dikl\u0259ri inki\u015faf pill\u0259l\u0259rin\u0259 \u00e7atmaq \u00fc\u00e7\u00fcn\u00a0<em>kou\u00e7<\/em>\u00a0adlanan \u015f\u0259xsi inki\u015faf m\u00fc\u0259lliminin m\u00fc\u015fayi\u0259ti il\u0259 ruhi v\u0259 zehni s\u0259yah\u0259t\u0259 ba\u015flay\u0131rlar.<\/p>\n<p>Kou\u00e7inqin \u0259sas m\u0259qs\u0259di \u2013 bu xidm\u0259ti alan \u015f\u0259xsin (coachee \u2013 ko\u00e7i)\u00a0 potensial\u0131n\u0131n k\u0259\u015ff olunmas\u0131, \u00f6z\u00fcn\u0259 inam\u0131n\u0131n v\u0259 motivasiyas\u0131n\u0131n art\u0131r\u0131lmas\u0131, bacar\u0131q v\u0259 imkanlar\u0131n\u0131n inki\u015faf etdirilm\u0259si, ona mane olan s\u0259rh\u0259dl\u0259rin v\u0259 s\u0259dl\u0259rin y\u0131x\u0131laraq, performans\u0131n\u0131n maksimuma \u00e7atd\u0131r\u0131lmas\u0131d\u0131r. Kou\u00e7inq prosesin\u0259 daxil olan \u015f\u0259xsl\u0259r h\u0259yatlar\u0131n\u0131n, g\u0259l\u0259c\u0259kl\u0259rinin, d\u00fc\u015f\u00fcnc\u0259, davran\u0131\u015f v\u0259 add\u0131mlar\u0131n\u0131n m\u0259suliyy\u0259tini \u00f6z \u00fcz\u0259rin\u0259 g\u00f6t\u00fcr\u0259r\u0259k, daha b\u00f6y\u00fck \u00f6z\u00fcn\u0259inam v\u0259 h\u0259v\u0259sl\u0259 \u015f\u0259xsi h\u0259yatlar\u0131nda nizam-intizam yaratma\u011fa ba\u015flay\u0131rlar.[\/vc_column_text][\/vc_column][\/vc_row]<\/p>\n","protected":false},"excerpt":{"rendered":"<p>[vc_row content_placement=&#8221;middle&#8221; css=&#8221;.vc_custom_1503562167069{padding-top: 100px !important;padding-bottom: 120px !important;}&#8221;][vc_column css=&#8221;.vc_custom_1547036968834{margin-top: -40px !important;}&#8221;][tt_section_title title_alignment=&#8221;text-center&#8221; title=&#8221;Konfrans haqq\u0131nda&#8221; css=&#8221;.vc_custom_1547366202830{margin-top: -20px !important;margin-bottom: 0px !important;}&#8221;][\/tt_section_title][vc_column_text css=&#8221;.vc_custom_1552750309106{margin-bottom: -60px !important;}&#8221;]Kou\u00e7inq v\u0259 Liderlik Konfrans\u0131 Kou\u00e7inq \u2013 m\u00fcasir i\u015f d\u00fcnyas\u0131n\u0131n y\u00fcks\u0259l\u0259n trendidir. O, m\u00fcsb\u0259t d\u0259yi\u015fiklikl\u0259r v\u0259 faydal\u0131 \u00f6yr\u0259nm\u0259 \u00fc\u00e7\u00fcn \u0259v\u0259zsiz f\u00fcrs\u0259tl\u0259r yarad\u0131r. D\u00fcnyan\u0131n qabaqc\u0131l \u015firk\u0259tl\u0259ri qurumdaxili ab-havan\u0131n yax\u015f\u0131la\u015fd\u0131r\u0131lmas\u0131, korporativ m\u0259d\u0259niyy\u0259tin m\u00f6hk\u0259ml\u0259ndirilm\u0259si, \u0259m\u0259kda\u015flar\u0131n motivasiya v\u0259 performanslar\u0131n\u0131n y\u00fcks\u0259ldilm\u0259si [&hellip;]<\/p>\n","protected":false},"author":1,"featured_media":0,"parent":0,"menu_order":0,"comment_status":"closed","ping_status":"closed","template":"page-templates\/template-vc.php","meta":{"_monsterinsights_skip_tracking":false,"_monsterinsights_sitenote_active":false,"_monsterinsights_sitenote_note":"","_monsterinsights_sitenote_category":0,"footnotes":""},"class_list":["post-155","page","type-page","status-publish","hentry"],"post_mailing_queue_ids":[],"_links":{"self":[{"href":"https:\/\/www.clcbaku.com\/az\/wp-json\/wp\/v2\/pages\/155","targetHints":{"allow":["GET"]}}],"collection":[{"href":"https:\/\/www.clcbaku.com\/az\/wp-json\/wp\/v2\/pages"}],"about":[{"href":"https:\/\/www.clcbaku.com\/az\/wp-json\/wp\/v2\/types\/page"}],"author":[{"embeddable":true,"href":"https:\/\/www.clcbaku.com\/az\/wp-json\/wp\/v2\/users\/1"}],"replies":[{"embeddable":true,"href":"https:\/\/www.clcbaku.com\/az\/wp-json\/wp\/v2\/comments?post=155"}],"version-history":[{"count":5,"href":"https:\/\/www.clcbaku.com\/az\/wp-json\/wp\/v2\/pages\/155\/revisions"}],"predecessor-version":[{"id":1365,"href":"https:\/\/www.clcbaku.com\/az\/wp-json\/wp\/v2\/pages\/155\/revisions\/1365"}],"wp:attachment":[{"href":"https:\/\/www.clcbaku.com\/az\/wp-json\/wp\/v2\/media?parent=155"}],"curies":[{"name":"wp","href":"https:\/\/api.w.org\/{rel}","templated":true}]}}