{"id":847,"date":"2017-08-22T07:13:32","date_gmt":"2017-08-22T07:13:32","guid":{"rendered":"https:\/\/www.clcbaku.com\/homepage-three\/"},"modified":"2019-03-29T13:40:36","modified_gmt":"2019-03-29T13:40:36","slug":"homepage-three","status":"publish","type":"page","link":"https:\/\/www.clcbaku.com\/az\/","title":{"rendered":"Kou\u00e7inq v\u0259 Liderlik Konfrans\u0131 2019"},"content":{"rendered":"<p>[vc_row full_height=&#8221;yes&#8221; content_placement=&#8221;middle&#8221; overlay_color_opt=&#8221;blue-overlay&#8221; apply_overlay=&#8221;true&#8221; css=&#8221;.vc_custom_1546172529893{background-image: url(https:\/\/www.clcbaku.com\/wp-content\/uploads\/2018\/12\/Forum-Photo-01.jpg?id=770) !important;background-position: center !important;background-repeat: no-repeat !important;background-size: cover !important;}&#8221;][vc_column][tt_home_banner_three button1_text=&#8221;\u018ftrafl\u0131&#8221; button2_text=&#8221;Bilet al&#8221; intro_text=&#8221;\u0130ND\u0130 D\u018fY\u0130\u015e\u0130KL\u0130K ZAMANIDIR&#8221; intro_title=&#8221;Kou\u00e7inq &#038; Liderlik Konfrans\u0131&#8221; intro_subtitle=&#8221;5 aprel, 2019 | Boulevard Hotel | Bak\u0131, Az\u0259rbaycan&#8221; custom_link1=&#8221;url:https%3A%2F%2Fwww.clcbaku.com%2Faz%2Fabout-us%2F|||&#8221; custom_link2=&#8221;url:https%3A%2F%2Fclcbaku.ticketsetup.com%2Faz||target:%20_blank|&#8221;][\/vc_column][\/vc_row][vc_row content_placement=&#8221;middle&#8221; css=&#8221;.vc_custom_1503561219620{border-bottom-width: 1px !important;padding-top: 110px !important;padding-bottom: 120px !important;border-bottom-color: #dddddd !important;border-bottom-style: solid !important;}&#8221;][vc_column width=&#8221;7\/12&#8243; css=&#8221;.vc_custom_1547038497254{margin-top: -40px !important;margin-bottom: -60px !important;}&#8221;][tt_section_title title_intro=&#8221;QISACA&#8221; title=&#8221;Konfrans haqq\u0131nda&#8221; css=&#8221;.vc_custom_1547930308906{margin-bottom: 0px !important;}&#8221;][\/tt_section_title][vc_custom_heading text=&#8221;5 aprel 2019-cu ild\u0259 Boulevard Hoteld\u0259 ba\u015f tutacaq Kou\u00e7inq v\u0259 Liderlik Konferans\u0131 bu sah\u0259d\u0259 d\u00fcnyan\u0131n qabaqc\u0131l v\u0259 s\u0131naqdan ke\u00e7mi\u015f t\u0259cr\u00fcb\u0259l\u0259rini Sizinl\u0259 payla\u015fma\u011f\u0131 \u00f6z qar\u015f\u0131s\u0131na m\u0259qs\u0259d qoymu\u015fdur. Konfrans\u0131m\u0131z Az\u0259rbaycan, T\u00fcrkiy\u0259, Rusiya, Birl\u0259\u015fmi\u015f \u018fr\u0259b \u018fmirlikl\u0259ri, Birl\u0259\u015fmi\u015f Krall\u0131q v\u0259 Kanadadan tan\u0131nm\u0131\u015f m\u00fct\u0259x\u0259ssisl\u0259ri bir araya g\u0259tir\u0259n unikal platformad\u0131r. T\u0259dbirimizin builki sloqan\u0131 \u2013 \u201c\u0130ndi d\u0259yi\u015fiklik zaman\u0131d\u0131r\u201d. Konfrans Beyn\u0259lxalq Kou\u00e7 Federasiyas\u0131n\u0131n t\u0259r\u0259fda\u015fl\u0131\u011f\u0131 il\u0259 h\u0259yata ke\u00e7irilir.&#8221; font_container=&#8221;tag:p|font_size:18px|text_align:left|color:%23637d82|line_height:30px&#8221; use_theme_fonts=&#8221;yes&#8221; css=&#8221;.vc_custom_1549386278023{margin-bottom: 0px !important;}&#8221;][\/vc_column][vc_column width=&#8221;5\/12&#8243;][tt_icon_blocks grid_column=&#8221;6&#8243; css=&#8221;.vc_custom_1503488108433{margin-top: 75px !important;}&#8221;][tt_icon_block icon_type=&#8221;fontawesome-icon&#8221; icon_position=&#8221;icon-position-left&#8221; icon_color_option=&#8221;custom-color&#8221; title=&#8221;Harada&#8221; fontawesome_icon=&#8221;fa fa-map-marker&#8221; icon_size=&#8221;20px&#8221; icon_color=&#8221;#0060ff&#8221;]<\/p>\n<address>Boulevard Hotel Bak\u0131, X\u0259qani R\u00fcst\u0259mov \u00a0k\u00fc\u00e7.\u00a04C, Bak\u0131, Az\u0259rbaycan<\/address>\n<p>[\/tt_icon_block][tt_icon_block icon_type=&#8221;fontawesome-icon&#8221; icon_position=&#8221;icon-position-left&#8221; icon_color_option=&#8221;custom-color&#8221; title=&#8221;N\u0259 zaman&#8221; fontawesome_icon=&#8221;fa fa-clock-o&#8221; icon_size=&#8221;20px&#8221; icon_color=&#8221;#0060ff&#8221;]<\/p>\n<address>5 April, 2019<\/address>\n<p>[\/tt_icon_block][\/tt_icon_blocks][\/vc_column][\/vc_row][vc_row section_content_width=&#8221;container-fullwidth&#8221; css=&#8221;.vc_custom_1503402533290{border-bottom-width: 1px !important;border-bottom-color: #dddddd !important;border-bottom-style: solid !important;}&#8221;][vc_column][vc_row_inner equal_height=&#8221;yes&#8221; content_placement=&#8221;middle&#8221;][vc_column_inner offset=&#8221;vc_col-md-6&#8243;][vc_single_image image=&#8221;1074&#8243; img_size=&#8221;full&#8221; css=&#8221;.vc_custom_1547801827313{margin-bottom: 0px !important;}&#8221;][\/vc_column_inner][vc_column_inner el_class=&#8221;focus-wrapper&#8221; offset=&#8221;vc_col-md-6&#8243;][tt_section_title title_intro=&#8221;QISACA&#8221; title=&#8221;Kou\u00e7inq haqq\u0131nda&#8221; css=&#8221;.vc_custom_1547930325253{margin-bottom: 0px !important;}&#8221;][\/tt_section_title][vc_custom_heading text=&#8221;Kou\u00e7inq \u2013 k\u00f6n\u00fcll\u00fc, \u015f\u00fcurlu v\u0259 planl\u0131 \u015f\u0259kild\u0259 daxil olunan \u00f6yr\u0259nm\u0259 v\u0259 \u015f\u0259xsi inki\u015faf prosesidir. H\u0259yatlar\u0131nda m\u00fcsb\u0259t d\u0259yi\u015fiklikl\u0259r\u0259 q\u0259rar ver\u0259n insanlar y\u00fcks\u0259lm\u0259k ist\u0259dikl\u0259ri inki\u015faf pill\u0259l\u0259rin\u0259 \u00e7atmaq \u00fc\u00e7\u00fcn kou\u00e7 adlanan \u015f\u0259xsi inki\u015faf m\u00fc\u0259lliminin m\u00fc\u015fayi\u0259ti il\u0259 ruhi v\u0259 zehni s\u0259yah\u0259t\u0259 ba\u015flay\u0131rlar. Kou\u00e7inqin \u0259sas m\u0259qs\u0259di \u2013 bu xidm\u0259ti alan \u015f\u0259xsin potensial\u0131n\u0131n k\u0259\u015ff olunmas\u0131, \u00f6z\u00fcn\u0259 inam\u0131n\u0131n v\u0259 motivasiyas\u0131n\u0131n art\u0131r\u0131lmas\u0131, bacar\u0131q v\u0259 imkanlar\u0131n\u0131n inki\u015faf etdirilm\u0259si, ona mane olan s\u0259dl\u0259rin y\u0131x\u0131laraq, performans\u0131n\u0131n maksimuma \u00e7atd\u0131r\u0131lmas\u0131d\u0131r.&#8221; font_container=&#8221;tag:p|font_size:18px|text_align:left|color:%23637d82|line_height:30px&#8221; use_theme_fonts=&#8221;yes&#8221; css=&#8221;.vc_custom_1547806728391{margin-bottom: 0px !important;}&#8221;][vc_btn title=&#8221;Bilet al&#8221; style=&#8221;classic&#8221; color=&#8221;theme_orange_color&#8221; link=&#8221;url:https%3A%2F%2Fclcbaku.ticketsetup.com%2Faz||target:%20_blank|&#8221; css=&#8221;.vc_custom_1551109240786{margin-top: 30px !important;}&#8221;][\/vc_column_inner][\/vc_row_inner][\/vc_column][\/vc_row][vc_row css=&#8221;.vc_custom_1503395300405{padding-top: 100px !important;padding-bottom: 100px !important;}&#8221;][vc_column][tt_section_title title_alignment=&#8221;text-center&#8221; title_intro=&#8221;H\u018fR B\u0130R\u0130 \u00d6Z \u0130\u015e\u0130N\u0130N PE\u015e\u018fKARIDIR&#8221; title=&#8221;Spikerl\u0259rimiz&#8221;][\/tt_section_title][tt_speakers post_limit=&#8221;22&#8243;][\/vc_column][\/vc_row][vc_row overlay_color_opt=&#8221;orange-overlay&#8221; apply_overlay=&#8221;true&#8221; css=&#8221;.vc_custom_1503563796983{padding-top: 100px !important;padding-bottom: 100px !important;background-image: url(https:\/\/104.131.177.38\/demo2\/wp\/evento\/wp-content\/uploads\/2017\/08\/testimonial-img-1.jpg?id=91) !important;background-position: center !important;background-repeat: no-repeat !important;background-size: cover !important;}&#8221;][vc_column][tt_section_title title_intro_color_option=&#8221;custom-color&#8221; title_alignment=&#8221;text-center&#8221; title_color_option=&#8221;custom-color&#8221; title_intro=&#8221;Mesajlar\u0131m\u0131z&#8221; title=&#8221;Spikerl\u0259rimizin \u00fcr\u0259k s\u00f6zl\u0259ri&#8221; title_intro_color=&#8221;#ffffff&#8221; title_color=&#8221;#ffffff&#8221;][\/tt_section_title][tt_testimonial testimonial_info=&#8221;%5B%7B%22content%22%3A%22Bak%C4%B1da%20ke%C3%A7iril%C9%99c%C9%99k%20konfrans%C4%B1n%20kou%C3%A7inq%20v%C9%99%20liderliyin%20bug%C3%BCn%C3%BCn%C9%99%2C%20g%C9%99l%C9%99c%C9%99yin%C9%99%20v%C9%99%20b%C3%BCt%C3%BCnl%C3%BCkd%C9%99%20faydas%C4%B1n%C4%B1n%20b%C3%BCt%C3%BCn%20i%C5%9Ftirak%C3%A7%C4%B1lar%C4%B1n%20prespektivl%C9%99rini%20geni%C5%9Fl%C9%99ndir%C9%99c%C9%99yini%20d%C3%BC%C5%9F%C3%BCn%C3%BCr%C9%99m.%205%20Aprel%20tarixind%C9%99%20Bak%C4%B1da%20sizl%C9%99rl%C9%99%20g%C3%B6r%C3%BC%C5%9Fm%C9%99k%20%C3%BC%C3%A7%C3%BCn%20h%C9%99y%C9%99canl%C4%B1yam.%22%2C%22client_name%22%3A%22Fatma%20Eser%20%C3%96m%C9%99ro%C4%9Flu%22%2C%22client_org%22%3A%22ICF%20T%C3%BCrkiy%C9%99%22%7D%2C%7B%22content%22%3A%22Liderlik%20anlay%C4%B1%C5%9F%C4%B1%20h%C9%99r%20%C3%B6t%C9%99n%20g%C3%BCn%20yeni%20n%C9%99slin%20ehtiyac%C4%B1na%20uy%C4%9Fun%20olaraq%20d%C9%99yi%C5%9Fir.%20Kou%C3%A7inq%20is%C9%99%20m%C3%B6vcud%20potensial%C4%B1%20ortaya%20%C3%A7%C4%B1xarmaq%20%C3%BC%C3%A7%C3%BCn%20%C9%99n%20heyr%C9%99tamiz%20%C3%BCsullardan%20biridir.%205%20Aprel%20tarixind%C9%99%20Bak%C4%B1da%20ke%C3%A7iril%C9%99c%C9%99k%20konfrans%C4%B1n%20kou%C3%A7inq%20v%C9%99%20liderlik%20m%C3%B6vzular%C4%B1na%20%C9%99h%C9%99miyy%C9%99tli%20d%C9%99r%C9%99c%C9%99d%C9%99%20fayda%20ver%C9%99c%C9%99yin%C9%99%20%C9%99min%C9%99m.%20Sizl%C9%99rl%C9%99%20Bak%C4%B1da%20g%C3%B6r%C3%BC%C5%9Fm%C9%99yi%20indid%C9%99n%20s%C9%99birsizlikl%C9%99%20g%C3%B6zl%C9%99yir%C9%99m.%22%2C%22client_name%22%3A%22Selda%20Ba%C4%9Flan%22%2C%22client_org%22%3A%22Franklin%20Covey%20%C4%B0nstitunun%20T%C3%BCrkiy%C9%99%20v%C9%99%20Az%C9%99rbaycan%20ofisinin%20r%C9%99hb%C9%99ri%22%7D%2C%7B%22content%22%3A%225%20Apreld%C9%99%20Bak%C4%B1da%20ke%C3%A7iril%C9%99c%C9%99k%20konfransda%20kou%C3%A7inq%20v%C9%99%20liderlik%20sah%C9%99sind%C9%99%20d%C3%BCnyadaki%20son%20trendl%C9%99ri%20v%C9%99%20qlobal%20%C5%9Firk%C9%99tl%C9%99rd%C9%99ki%20t%C9%99tbiql%C9%99ri%20sizinl%C9%99%20b%C3%B6l%C3%BC%C5%9Fm%C9%99%20f%C3%BCrs%C9%99tin%C9%99%20sahib%20oldu%C4%9Fum%20%C3%BC%C3%A7%C3%BCn%20%C3%B6z%C3%BCm%C3%BC%20xo%C5%9Fb%C9%99xt%20hiss%20edir%C9%99m.%20%22%2C%22client_name%22%3A%22Vedat%20Erol%22%2C%22client_org%22%3A%22Master%20Certified%20Coach%22%7D%5D&#8221; client_text_color=&#8221;#ffffff&#8221; client_org_text_color=&#8221;#ffffff&#8221; client_quote_text_color=&#8221;#ffffff&#8221;][\/vc_column][\/vc_row][vc_row css=&#8221;.vc_custom_1502713708167{padding-top: 100px !important;padding-bottom: 100px !important;}&#8221;][vc_column][tt_section_title title_alignment=&#8221;text-center&#8221; title_intro=&#8221;\u00c7IXI\u015eLARIN C\u018fDV\u018fL\u0130&#8221; title=&#8221;G\u00fcnd\u0259lik&#8221;][\/tt_section_title][tt_schedule][\/vc_column][\/vc_row][vc_row overlay_color_opt=&#8221;custom-color&#8221; apply_overlay=&#8221;true&#8221; css=&#8221;.vc_custom_1503403187082{margin-top: -300px !important;padding-top: 300px !important;padding-bottom: 100px !important;}&#8221; overlay_color=&#8221;#0084ff&#8221;][vc_column][tt_section_title title_intro_color_option=&#8221;custom-color&#8221; title_alignment=&#8221;text-center&#8221; title_color_option=&#8221;custom-color&#8221; description_color_option=&#8221;custom-color&#8221; title_intro_color=&#8221;#ffffff&#8221; title=&#8221;Bizi kiml\u0259r d\u0259st\u0259kl\u0259yir?&#8221; title_color=&#8221;#ffffff&#8221; description_color=&#8221;#ffffff&#8221;][\/tt_section_title][vc_custom_heading text=&#8221;-SPONSORSLARIMIZ-&#8221; font_container=&#8221;tag:h3|text_align:center|color:%23ffffff&#8221; use_theme_fonts=&#8221;yes&#8221; el_class=&#8221;sponsers-title&#8221;][vc_row_inner][vc_column_inner width=&#8221;1\/4&#8243; offset=&#8221;vc_col-md-offset-2 vc_col-md-2&#8243;][vc_single_image image=&#8221;1218&#8243; img_size=&#8221;534&#215;401&#8243; onclick=&#8221;custom_link&#8221; img_link_target=&#8221;_blank&#8221; link=&#8221;http:\/\/turkishairlines.com&#8221;][\/vc_column_inner][vc_column_inner width=&#8221;1\/4&#8243; offset=&#8221;vc_col-md-2&#8243;][vc_single_image image=&#8221;1311&#8243; img_size=&#8221;268&#215;201&#8243; onclick=&#8221;custom_link&#8221; img_link_target=&#8221;_blank&#8221; link=&#8221;http:\/\/www.ibar.az&#8221;][\/vc_column_inner][vc_column_inner width=&#8221;1\/4&#8243; offset=&#8221;vc_col-md-2&#8243;][\/vc_column_inner][vc_column_inner width=&#8221;1\/4&#8243; offset=&#8221;vc_col-md-2&#8243;][\/vc_column_inner][\/vc_row_inner][vc_custom_heading text=&#8221;-T\u018fR\u018fFDA\u015eLARIMIZ-&#8221; font_container=&#8221;tag:h3|text_align:center|color:%23ffffff&#8221; use_theme_fonts=&#8221;yes&#8221; el_class=&#8221;sponsers-title&#8221;][vc_row_inner][vc_column_inner width=&#8221;1\/4&#8243; offset=&#8221;vc_col-md-offset-2 vc_col-md-2&#8243;][vc_single_image image=&#8221;1204&#8243; img_size=&#8221;534&#215;401&#8243; onclick=&#8221;custom_link&#8221; img_link_target=&#8221;_blank&#8221; link=&#8221;http:\/\/coachfederation.org&#8221;][\/vc_column_inner][vc_column_inner width=&#8221;1\/4&#8243; offset=&#8221;vc_col-md-2&#8243;][vc_single_image image=&#8221;1206&#8243; img_size=&#8221;534&#215;401&#8243; onclick=&#8221;custom_link&#8221; img_link_target=&#8221;_blank&#8221; link=&#8221;http:\/\/www.amcham.az&#8221;][\/vc_column_inner][vc_column_inner width=&#8221;1\/4&#8243; offset=&#8221;vc_col-md-2&#8243;][vc_single_image image=&#8221;1208&#8243; img_size=&#8221;534&#215;401&#8243; onclick=&#8221;custom_link&#8221; img_link_target=&#8221;_blank&#8221; link=&#8221;http:\/\/www.aba.az&#8221;][\/vc_column_inner][vc_column_inner width=&#8221;1\/4&#8243; offset=&#8221;vc_col-md-2&#8243;][vc_single_image image=&#8221;1210&#8243; img_size=&#8221;534&#215;401&#8243; onclick=&#8221;custom_link&#8221; img_link_target=&#8221;_blank&#8221; link=&#8221;https:\/\/www.adlercentraleurope.com&#8221;][\/vc_column_inner][\/vc_row_inner][vc_row_inner equal_height=&#8221;yes&#8221;][vc_column_inner width=&#8221;1\/4&#8243; offset=&#8221;vc_col-md-offset-2 vc_col-md-2&#8243;][vc_single_image image=&#8221;1213&#8243; img_size=&#8221;534&#215;401&#8243;][\/vc_column_inner][vc_column_inner width=&#8221;1\/4&#8243; offset=&#8221;vc_col-md-2&#8243;][vc_single_image image=&#8221;1286&#8243; img_size=&#8221;534&#215;401&#8243; onclick=&#8221;custom_link&#8221; img_link_target=&#8221;_blank&#8221; link=&#8221;http:\/\/www.yes.com.az&#8221;][\/vc_column_inner][vc_column_inner width=&#8221;1\/4&#8243; offset=&#8221;vc_col-md-2&#8243;][vc_single_image image=&#8221;1300&#8243; img_size=&#8221;268&#215;201&#8243; onclick=&#8221;custom_link&#8221; img_link_target=&#8221;_blank&#8221; link=&#8221;http:\/\/www.Mzproduction.Az&#8221;][\/vc_column_inner][vc_column_inner width=&#8221;1\/4&#8243; offset=&#8221;vc_col-md-2&#8243;][vc_single_image image=&#8221;1313&#8243; img_size=&#8221;268&#215;201&#8243; onclick=&#8221;custom_link&#8221; img_link_target=&#8221;_blank&#8221; link=&#8221;http:\/\/www.1news.az&#8221;][\/vc_column_inner][\/vc_row_inner][vc_btn title=&#8221;SPONSOR OL&#8221; align=&#8221;center&#8221; color=&#8221;white&#8221; link=&#8221;url:https%3A%2F%2Fwww.clcbaku.com%2Faz%2Fsponsors%2F|||&#8221; css=&#8221;.vc_custom_1547636593536{margin-top: 35px !important;}&#8221;][\/vc_column][\/vc_row][vc_row section_content_width=&#8221;container-fullwidth&#8221;][vc_column css=&#8221;.vc_custom_1546201778663{margin-top: -40px !important;}&#8221;][vc_gmaps link=&#8221;#E-8_JTNDaWZyYW1lJTIwc3JjJTNEJTIyaHR0cHMlM0ElMkYlMkZ3d3cuZ29vZ2xlLmNvbSUyRm1hcHMlMkZlbWJlZCUzRnBiJTNEJTIxMW0xOCUyMTFtMTIlMjExbTMlMjExZDMwMzkuNTEwODk2ODA4ODI2NiUyMTJkNDkuODgwNzY0OTE1NTE2MzIlMjEzZDQwLjM3NTM2ODE3OTM2OTk4NSUyMTJtMyUyMTFmMCUyMTJmMCUyMTNmMCUyMTNtMiUyMTFpMTAyNCUyMTJpNzY4JTIxNGYxMy4xJTIxM20zJTIxMW0yJTIxMXMweDQwMzA3Y2U0Mzc0ZWY3ZGIlMjUzQTB4ZGIwNGQ1ZjVjYmMyMWMzNiUyMTJzQm91bGV2YXJkJTJCSG90ZWwlMkJCYWt1JTI1MkMlMkJBdXRvZ3JhcGglMkJDb2xsZWN0aW9uJTIxNWUwJTIxM20yJTIxMXNheiUyMTJzJTIxNHYxNTQ3ODA3OTY5NjI5JTIyJTIwd2lkdGglM0QlMjI2MDAlMjIlMjBoZWlnaHQlM0QlMjI0NTAlMjIlMjBmcmFtZWJvcmRlciUzRCUyMjAlMjIlMjBzdHlsZSUzRCUyMmJvcmRlciUzQTAlMjIlMjBhbGxvd2Z1bGxzY3JlZW4lM0UlM0MlMkZpZnJhbWUlM0U=&#8221;][\/vc_column][\/vc_row][vc_row css=&#8221;.vc_custom_1502801525253{background-color: #011034 !important;}&#8221;][vc_column css=&#8221;.vc_custom_1546201873453{margin-bottom: -80px !important;}&#8221;][\/vc_column][\/vc_row]<\/p>\n","protected":false},"excerpt":{"rendered":"<p>[vc_row full_height=&#8221;yes&#8221; content_placement=&#8221;middle&#8221; overlay_color_opt=&#8221;blue-overlay&#8221; apply_overlay=&#8221;true&#8221; css=&#8221;.vc_custom_1546172529893{background-image: url(https:\/\/www.clcbaku.com\/wp-content\/uploads\/2018\/12\/Forum-Photo-01.jpg?id=770) !important;background-position: center !important;background-repeat: no-repeat !important;background-size: cover !important;}&#8221;][vc_column][tt_home_banner_three button1_text=&#8221;\u018ftrafl\u0131&#8221; button2_text=&#8221;Bilet al&#8221; intro_text=&#8221;\u0130ND\u0130 D\u018fY\u0130\u015e\u0130KL\u0130K ZAMANIDIR&#8221; intro_title=&#8221;Kou\u00e7inq &#038; Liderlik Konfrans\u0131&#8221; intro_subtitle=&#8221;5 aprel, 2019 | Boulevard Hotel | Bak\u0131, Az\u0259rbaycan&#8221; custom_link1=&#8221;url:https%3A%2F%2Fwww.clcbaku.com%2Faz%2Fabout-us%2F|||&#8221; custom_link2=&#8221;url:https%3A%2F%2Fclcbaku.ticketsetup.com%2Faz||target:%20_blank|&#8221;][\/vc_column][\/vc_row][vc_row content_placement=&#8221;middle&#8221; css=&#8221;.vc_custom_1503561219620{border-bottom-width: 1px !important;padding-top: 110px !important;padding-bottom: 120px !important;border-bottom-color: #dddddd !important;border-bottom-style: solid !important;}&#8221;][vc_column width=&#8221;7\/12&#8243; css=&#8221;.vc_custom_1547038497254{margin-top: -40px !important;margin-bottom: -60px !important;}&#8221;][tt_section_title title_intro=&#8221;QISACA&#8221; title=&#8221;Konfrans [&hellip;]<\/p>\n","protected":false},"author":1,"featured_media":0,"parent":0,"menu_order":0,"comment_status":"closed","ping_status":"closed","template":"page-templates\/template-home.php","meta":{"_monsterinsights_skip_tracking":false,"_monsterinsights_sitenote_active":false,"_monsterinsights_sitenote_note":"","_monsterinsights_sitenote_category":0,"footnotes":""},"class_list":["post-847","page","type-page","status-publish","hentry"],"post_mailing_queue_ids":[],"_links":{"self":[{"href":"https:\/\/www.clcbaku.com\/az\/wp-json\/wp\/v2\/pages\/847","targetHints":{"allow":["GET"]}}],"collection":[{"href":"https:\/\/www.clcbaku.com\/az\/wp-json\/wp\/v2\/pages"}],"about":[{"href":"https:\/\/www.clcbaku.com\/az\/wp-json\/wp\/v2\/types\/page"}],"author":[{"embeddable":true,"href":"https:\/\/www.clcbaku.com\/az\/wp-json\/wp\/v2\/users\/1"}],"replies":[{"embeddable":true,"href":"https:\/\/www.clcbaku.com\/az\/wp-json\/wp\/v2\/comments?post=847"}],"version-history":[{"count":6,"href":"https:\/\/www.clcbaku.com\/az\/wp-json\/wp\/v2\/pages\/847\/revisions"}],"predecessor-version":[{"id":1383,"href":"https:\/\/www.clcbaku.com\/az\/wp-json\/wp\/v2\/pages\/847\/revisions\/1383"}],"wp:attachment":[{"href":"https:\/\/www.clcbaku.com\/az\/wp-json\/wp\/v2\/media?parent=847"}],"curies":[{"name":"wp","href":"https:\/\/api.w.org\/{rel}","templated":true}]}}