{"id":853,"date":"2017-08-23T08:26:46","date_gmt":"2017-08-23T08:26:46","guid":{"rendered":"https:\/\/www.clcbaku.com\/speakers\/"},"modified":"2019-03-29T22:00:19","modified_gmt":"2019-03-29T22:00:19","slug":"speakers","status":"publish","type":"page","link":"https:\/\/www.clcbaku.com\/az\/speakers\/","title":{"rendered":"Spikerl\u0259rimiz"},"content":{"rendered":"<p>[vc_row css=&#8221;.vc_custom_1503476906174{padding-top: 100px !important;padding-bottom: 100px !important;}&#8221;][vc_column][tt_section_title title_alignment=&#8221;text-center&#8221; title_intro=&#8221;H\u018fR B\u0130R\u0130 \u00d6Z \u0130\u015e\u0130N\u0130N PE\u015e\u018fKARIDIR&#8221; title=&#8221;Spikerl\u0259rimiz&#8221; css=&#8221;.vc_custom_1547721429946{margin-top: -50px !important;}&#8221;][\/tt_section_title][tt_speakers post_limit=&#8221;20&#8243;][\/vc_column][\/vc_row]<\/p>\n","protected":false},"excerpt":{"rendered":"<p>[vc_row css=&#8221;.vc_custom_1503476906174{padding-top: 100px !important;padding-bottom: 100px !important;}&#8221;][vc_column][tt_section_title title_alignment=&#8221;text-center&#8221; title_intro=&#8221;H\u018fR B\u0130R\u0130 \u00d6Z \u0130\u015e\u0130N\u0130N PE\u015e\u018fKARIDIR&#8221; title=&#8221;Spikerl\u0259rimiz&#8221; css=&#8221;.vc_custom_1547721429946{margin-top: -50px !important;}&#8221;][\/tt_section_title][tt_speakers post_limit=&#8221;20&#8243;][\/vc_column][\/vc_row]<\/p>\n","protected":false},"author":1,"featured_media":0,"parent":0,"menu_order":0,"comment_status":"closed","ping_status":"closed","template":"page-templates\/template-vc.php","meta":{"_monsterinsights_skip_tracking":false,"_monsterinsights_sitenote_active":false,"_monsterinsights_sitenote_note":"","_monsterinsights_sitenote_category":0,"footnotes":""},"class_list":["post-853","page","type-page","status-publish","hentry"],"post_mailing_queue_ids":[],"_links":{"self":[{"href":"https:\/\/www.clcbaku.com\/az\/wp-json\/wp\/v2\/pages\/853","targetHints":{"allow":["GET"]}}],"collection":[{"href":"https:\/\/www.clcbaku.com\/az\/wp-json\/wp\/v2\/pages"}],"about":[{"href":"https:\/\/www.clcbaku.com\/az\/wp-json\/wp\/v2\/types\/page"}],"author":[{"embeddable":true,"href":"https:\/\/www.clcbaku.com\/az\/wp-json\/wp\/v2\/users\/1"}],"replies":[{"embeddable":true,"href":"https:\/\/www.clcbaku.com\/az\/wp-json\/wp\/v2\/comments?post=853"}],"version-history":[{"count":5,"href":"https:\/\/www.clcbaku.com\/az\/wp-json\/wp\/v2\/pages\/853\/revisions"}],"predecessor-version":[{"id":1391,"href":"https:\/\/www.clcbaku.com\/az\/wp-json\/wp\/v2\/pages\/853\/revisions\/1391"}],"wp:attachment":[{"href":"https:\/\/www.clcbaku.com\/az\/wp-json\/wp\/v2\/media?parent=853"}],"curies":[{"name":"wp","href":"https:\/\/api.w.org\/{rel}","templated":true}]}}