{"id":957,"date":"2017-08-23T08:30:38","date_gmt":"2017-08-23T08:30:38","guid":{"rendered":"https:\/\/www.clcbaku.com\/sponsors\/"},"modified":"2019-03-02T20:00:08","modified_gmt":"2019-03-02T20:00:08","slug":"sponsors","status":"publish","type":"page","link":"https:\/\/www.clcbaku.com\/az\/sponsors\/","title":{"rendered":"Sponsorlar"},"content":{"rendered":"<p>[vc_row css=&#8221;.vc_custom_1503478023342{margin-top: -200px !important;padding-top: 300px !important;padding-bottom: 100px !important;}&#8221;][vc_column css=&#8221;.vc_custom_1547404302347{margin-top: -40px !important;}&#8221;][vc_column_text]<\/p>\n<h2>Sponsorluq \u2013 a\u011f\u0131ll\u0131 investisiyad\u0131r.<\/h2>\n<p>[\/vc_column_text][vc_column_text]Bak\u0131 2019 Kou\u00e7inq v\u0259 Liderlik Konferans\u0131 Az\u0259rbaycan, T\u00fcrkiy\u0259, Rusiya, B\u018f\u018f, Birl\u0259\u015fmi\u015f Krall\u0131q v\u0259 Kanadadan tan\u0131nm\u0131\u015f natiql\u0259ri bir araya toplayan unikal platformad\u0131r.<\/p>\n<p>T\u0259bird\u0259 i\u015f d\u00fcnyas\u0131ndan 300-d\u0259n \u00e7ox m\u00fct\u0259x\u0259ssis v\u0259 idar\u0259\u00e7inin qonaq qismind\u0259 i\u015ftirak\u0131 g\u00f6zl\u0259nilir.\u00a0\u00d6lk\u0259mizin i\u015f h\u0259yat\u0131 \u00fc\u00e7\u00fcn vacib hadis\u0259 say\u0131lan bu t\u0259dbird\u0259\u00a0i\u015ftirak\u0131n\u0131z \u015firk\u0259tinizin geni\u015f v\u0259 n\u00fcfuzlu auditoriyada t\u0259msil olunmas\u0131na \u015f\u0259rait yaradacaqd\u0131r. Bu investisiyan\u0131z \u015firk\u0259tiniz \u00fc\u00e7\u00fcn i\u015f d\u00fcnyas\u0131nda m\u00fcsb\u0259t imic yaradacaq, ictimaiyy\u0259tl\u0259 \u0259laq\u0259l\u0259rinizin daha da g\u00fccl\u0259nm\u0259sin\u0259 xidm\u0259t ed\u0259c\u0259kdir.<\/p>\n<p>Sponsorluq investisiyan\u0131z \u00fc\u00e7\u00fcn b\u00fcdc\u0259niz\u0259 v\u0259 ehtiyaclar\u0131n\u0131za uy\u011fun olacaq m\u00fcxt\u0259lif sponsorluq paketl\u0259rimiz m\u00f6vcuddur.\u00a0Biziml\u0259 \u0259laq\u0259 saxlayaraq, sponsorluq paketl\u0259rimiz haqq\u0131nda \u0259trafl\u0131 m\u0259lumat ala bil\u0259rsiniz. Se\u00e7iml\u0259riniz il\u0259 tan\u0131\u015f olma\u011fa v\u0259 sizinl\u0259 fikirl\u0259rinizi yax\u0131ndan m\u00fczakir\u0259 etm\u0259y\u0259 m\u0259mnun olar\u0131q.[\/vc_column_text][tt_section_title title_alignment=&#8221;text-center&#8221; title=&#8221;Bizi kiml\u0259r d\u0259st\u0259kl\u0259yir?&#8221;][\/tt_section_title][vc_custom_heading text=&#8221;-SPONSORLARIMIZ-&#8221; font_container=&#8221;tag:h3|text_align:center|color:%23212121&#8243; use_theme_fonts=&#8221;yes&#8221; el_class=&#8221;sponsers-title&#8221;][vc_row_inner equal_height=&#8221;yes&#8221;][vc_column_inner width=&#8221;1\/4&#8243; offset=&#8221;vc_col-md-offset-2 vc_col-md-2&#8243;][vc_single_image image=&#8221;1257&#8243; img_size=&#8221;268&#215;201&#8243; onclick=&#8221;custom_link&#8221; img_link_target=&#8221;_blank&#8221; link=&#8221;http:\/\/www.turkishairlines.com&#8221;][\/vc_column_inner][vc_column_inner width=&#8221;1\/4&#8243; offset=&#8221;vc_col-md-2&#8243;][vc_single_image image=&#8221;1317&#8243; img_size=&#8221;268&#215;201&#8243; onclick=&#8221;custom_link&#8221; img_link_target=&#8221;_blank&#8221; link=&#8221;http:\/\/www.ibar.az&#8221;][\/vc_column_inner][vc_column_inner width=&#8221;1\/4&#8243; offset=&#8221;vc_col-md-2&#8243;][\/vc_column_inner][vc_column_inner width=&#8221;1\/4&#8243; offset=&#8221;vc_col-md-2&#8243;][\/vc_column_inner][\/vc_row_inner][vc_custom_heading text=&#8221;-T\u018fR\u018fFDA\u015eLARIMIZ-&#8221; font_container=&#8221;tag:h3|text_align:center|color:%23212121&#8243; use_theme_fonts=&#8221;yes&#8221; el_class=&#8221;sponsers-title&#8221; css=&#8221;.vc_custom_1550940971376{margin-top: 40px !important;}&#8221;][vc_row_inner equal_height=&#8221;yes&#8221;][vc_column_inner width=&#8221;1\/4&#8243; offset=&#8221;vc_col-md-offset-2 vc_col-md-2&#8243;][vc_single_image image=&#8221;1259&#8243; img_size=&#8221;268&#215;201&#8243; onclick=&#8221;custom_link&#8221; img_link_target=&#8221;_blank&#8221; link=&#8221;http:\/\/www.coachfederation.org&#8221;][\/vc_column_inner][vc_column_inner width=&#8221;1\/4&#8243; offset=&#8221;vc_col-md-2&#8243;][vc_single_image image=&#8221;1261&#8243; img_size=&#8221;268&#215;201&#8243; onclick=&#8221;custom_link&#8221; img_link_target=&#8221;_blank&#8221; link=&#8221;http:\/\/www.amcham.az&#8221;][\/vc_column_inner][vc_column_inner width=&#8221;1\/4&#8243; offset=&#8221;vc_col-md-2&#8243;][vc_single_image image=&#8221;1263&#8243; img_size=&#8221;268&#215;201&#8243; onclick=&#8221;custom_link&#8221; img_link_target=&#8221;_blank&#8221; link=&#8221;http:\/\/www.aba.az&#8221;][\/vc_column_inner][vc_column_inner width=&#8221;1\/4&#8243; offset=&#8221;vc_col-md-2&#8243;][vc_single_image image=&#8221;1265&#8243; img_size=&#8221;268&#215;201&#8243; onclick=&#8221;custom_link&#8221; img_link_target=&#8221;_blank&#8221; link=&#8221;http:\/\/adlercentraleurope.com&#8221;][\/vc_column_inner][\/vc_row_inner][vc_row_inner equal_height=&#8221;yes&#8221;][vc_column_inner width=&#8221;1\/4&#8243; offset=&#8221;vc_col-md-offset-2 vc_col-md-2&#8243;][vc_single_image image=&#8221;1267&#8243; img_size=&#8221;268&#215;201&#8243;][\/vc_column_inner][vc_column_inner width=&#8221;1\/4&#8243; offset=&#8221;vc_col-md-2&#8243;][vc_single_image image=&#8221;1289&#8243; img_size=&#8221;268&#215;201&#8243; onclick=&#8221;custom_link&#8221; img_link_target=&#8221;_blank&#8221; link=&#8221;http:\/\/www.yes.com.az&#8221;][\/vc_column_inner][vc_column_inner width=&#8221;1\/4&#8243; offset=&#8221;vc_col-md-2&#8243;][vc_single_image image=&#8221;1302&#8243; img_size=&#8221;268&#215;201&#8243; onclick=&#8221;custom_link&#8221; img_link_target=&#8221;_blank&#8221; link=&#8221;http:\/\/Mzproduction.Az&#8221;][\/vc_column_inner][vc_column_inner width=&#8221;1\/4&#8243; offset=&#8221;vc_col-md-2&#8243;][vc_single_image image=&#8221;1319&#8243; img_size=&#8221;268&#215;201&#8243; onclick=&#8221;custom_link&#8221; img_link_target=&#8221;_blank&#8221; link=&#8221;http:\/\/www.1news.az&#8221;][\/vc_column_inner][\/vc_row_inner][vc_btn title=&#8221;SPONSOR OL&#8221; align=&#8221;center&#8221; color=&#8221;green&#8221; link=&#8221;url:https%3A%2F%2Fwww.clcbaku.com%2Faz%2Fcontact%2F|||&#8221; css=&#8221;.vc_custom_1550941937289{margin-top: 35px !important;margin-bottom: -60px !important;}&#8221;][\/vc_column][\/vc_row]<\/p>\n","protected":false},"excerpt":{"rendered":"<p>[vc_row css=&#8221;.vc_custom_1503478023342{margin-top: -200px !important;padding-top: 300px !important;padding-bottom: 100px !important;}&#8221;][vc_column css=&#8221;.vc_custom_1547404302347{margin-top: -40px !important;}&#8221;][vc_column_text] Sponsorluq \u2013 a\u011f\u0131ll\u0131 investisiyad\u0131r. [\/vc_column_text][vc_column_text]Bak\u0131 2019 Kou\u00e7inq v\u0259 Liderlik Konferans\u0131 Az\u0259rbaycan, T\u00fcrkiy\u0259, Rusiya, B\u018f\u018f, Birl\u0259\u015fmi\u015f Krall\u0131q v\u0259 Kanadadan tan\u0131nm\u0131\u015f natiql\u0259ri bir araya toplayan unikal platformad\u0131r. T\u0259bird\u0259 i\u015f d\u00fcnyas\u0131ndan 300-d\u0259n \u00e7ox m\u00fct\u0259x\u0259ssis v\u0259 idar\u0259\u00e7inin qonaq qismind\u0259 i\u015ftirak\u0131 g\u00f6zl\u0259nilir.\u00a0\u00d6lk\u0259mizin i\u015f h\u0259yat\u0131 \u00fc\u00e7\u00fcn vacib hadis\u0259 say\u0131lan bu [&hellip;]<\/p>\n","protected":false},"author":1,"featured_media":0,"parent":0,"menu_order":0,"comment_status":"closed","ping_status":"closed","template":"page-templates\/template-vc.php","meta":{"_monsterinsights_skip_tracking":false,"_monsterinsights_sitenote_active":false,"_monsterinsights_sitenote_note":"","_monsterinsights_sitenote_category":0,"footnotes":""},"class_list":["post-957","page","type-page","status-publish","hentry"],"post_mailing_queue_ids":[],"_links":{"self":[{"href":"https:\/\/www.clcbaku.com\/az\/wp-json\/wp\/v2\/pages\/957","targetHints":{"allow":["GET"]}}],"collection":[{"href":"https:\/\/www.clcbaku.com\/az\/wp-json\/wp\/v2\/pages"}],"about":[{"href":"https:\/\/www.clcbaku.com\/az\/wp-json\/wp\/v2\/types\/page"}],"author":[{"embeddable":true,"href":"https:\/\/www.clcbaku.com\/az\/wp-json\/wp\/v2\/users\/1"}],"replies":[{"embeddable":true,"href":"https:\/\/www.clcbaku.com\/az\/wp-json\/wp\/v2\/comments?post=957"}],"version-history":[{"count":6,"href":"https:\/\/www.clcbaku.com\/az\/wp-json\/wp\/v2\/pages\/957\/revisions"}],"predecessor-version":[{"id":1323,"href":"https:\/\/www.clcbaku.com\/az\/wp-json\/wp\/v2\/pages\/957\/revisions\/1323"}],"wp:attachment":[{"href":"https:\/\/www.clcbaku.com\/az\/wp-json\/wp\/v2\/media?parent=957"}],"curies":[{"name":"wp","href":"https:\/\/api.w.org\/{rel}","templated":true}]}}