{"id":999,"date":"2019-01-16T10:30:08","date_gmt":"2019-01-16T10:30:08","guid":{"rendered":"https:\/\/www.clcbaku.com\/contact\/"},"modified":"2019-01-16T11:04:50","modified_gmt":"2019-01-16T11:04:50","slug":"contact","status":"publish","type":"page","link":"https:\/\/www.clcbaku.com\/az\/contact\/","title":{"rendered":"\u018flaq\u0259"},"content":{"rendered":"<p>[vc_row css=&#8221;.vc_custom_1503482462836{padding-top: 120px !important;padding-bottom: 100px !important;}&#8221;][vc_column css=&#8221;.vc_custom_1547405884768{margin-top: -160px !important;margin-bottom: -120px !important;}&#8221;][tt_section_title title_alignment=&#8221;text-center&#8221; title_intro=&#8221;Koordanitlar\u0131m\u0131z&#8221; title=&#8221;\u018flaq\u0259&#8221;]<strong>Kou\u00e7inq v\u0259 Liderlik Konfrans\u0131n\u0131n T\u0259\u015fkilat Komit\u0259si\u00a0<\/strong><\/p>\n<div>\u00dcnvan: Pullman oteli, Mikay\u0131l M\u00fc\u015ffiq k\u00fc\u00e7, 1C,<\/div>\n<div>AZ1073, Bak\u0131, Az\u0259rbaycan<\/div>\n<div>Tel: (+99412) 409 43 39, (+99455) 909 22 22<\/div>\n<div>E-mail:\u00a0info@clcbaku.com<\/div>\n<p>[\/tt_section_title][\/vc_column][\/vc_row]<\/p>\n","protected":false},"excerpt":{"rendered":"<p>[vc_row css=&#8221;.vc_custom_1503482462836{padding-top: 120px !important;padding-bottom: 100px !important;}&#8221;][vc_column css=&#8221;.vc_custom_1547405884768{margin-top: -160px !important;margin-bottom: -120px !important;}&#8221;][tt_section_title title_alignment=&#8221;text-center&#8221; title_intro=&#8221;Koordanitlar\u0131m\u0131z&#8221; title=&#8221;\u018flaq\u0259&#8221;]Kou\u00e7inq v\u0259 Liderlik Konfrans\u0131n\u0131n T\u0259\u015fkilat Komit\u0259si\u00a0 \u00dcnvan: Pullman oteli, Mikay\u0131l M\u00fc\u015ffiq k\u00fc\u00e7, 1C, AZ1073, Bak\u0131, Az\u0259rbaycan Tel: (+99412) 409 43 39, (+99455) 909 22 22 E-mail:\u00a0info@clcbaku.com [\/tt_section_title][\/vc_column][\/vc_row]<\/p>\n","protected":false},"author":1,"featured_media":0,"parent":0,"menu_order":0,"comment_status":"closed","ping_status":"closed","template":"page-templates\/template-vc.php","meta":{"_monsterinsights_skip_tracking":false,"_monsterinsights_sitenote_active":false,"_monsterinsights_sitenote_note":"","_monsterinsights_sitenote_category":0,"footnotes":""},"class_list":["post-999","page","type-page","status-publish","hentry"],"post_mailing_queue_ids":[],"_links":{"self":[{"href":"https:\/\/www.clcbaku.com\/az\/wp-json\/wp\/v2\/pages\/999","targetHints":{"allow":["GET"]}}],"collection":[{"href":"https:\/\/www.clcbaku.com\/az\/wp-json\/wp\/v2\/pages"}],"about":[{"href":"https:\/\/www.clcbaku.com\/az\/wp-json\/wp\/v2\/types\/page"}],"author":[{"embeddable":true,"href":"https:\/\/www.clcbaku.com\/az\/wp-json\/wp\/v2\/users\/1"}],"replies":[{"embeddable":true,"href":"https:\/\/www.clcbaku.com\/az\/wp-json\/wp\/v2\/comments?post=999"}],"version-history":[{"count":5,"href":"https:\/\/www.clcbaku.com\/az\/wp-json\/wp\/v2\/pages\/999\/revisions"}],"predecessor-version":[{"id":1009,"href":"https:\/\/www.clcbaku.com\/az\/wp-json\/wp\/v2\/pages\/999\/revisions\/1009"}],"wp:attachment":[{"href":"https:\/\/www.clcbaku.com\/az\/wp-json\/wp\/v2\/media?parent=999"}],"curies":[{"name":"wp","href":"https:\/\/api.w.org\/{rel}","templated":true}]}}